{"id":3954,"date":"2024-10-17T11:47:35","date_gmt":"2024-10-17T09:47:35","guid":{"rendered":"https:\/\/khoraurbanthinkers.es\/?page_id=3954"},"modified":"2025-01-23T14:02:13","modified_gmt":"2025-01-23T13:02:13","slug":"what-do-we-do","status":"publish","type":"page","link":"https:\/\/khoraurbanthinkers.es\/en\/what-do-we-do\/","title":{"rendered":"What We Do"},"content":{"rendered":"","protected":false},"excerpt":{"rendered":"","protected":false},"author":8,"featured_media":0,"parent":0,"menu_order":0,"comment_status":"closed","ping_status":"closed","template":"","meta":{"_acf_changed":false,"inline_featured_image":false,"footnotes":""},"class_list":["post-3954","page","type-page","status-publish","hentry"],"acf":[],"yoast_head":"<!-- This site is optimized with the Yoast SEO plugin v27.4 - https:\/\/yoast.com\/product\/yoast-seo-wordpress\/ -->\n<title>What We Do - Khora Urban Thinkers<\/title>\n<meta name=\"robots\" content=\"index, follow, max-snippet:-1, max-image-preview:large, max-video-preview:-1\" \/>\n<link rel=\"canonical\" href=\"https:\/\/khoraurbanthinkers.es\/en\/what-do-we-do\/\" \/>\n<meta property=\"og:locale\" content=\"en_US\" \/>\n<meta property=\"og:type\" content=\"article\" \/>\n<meta property=\"og:title\" content=\"What We Do - Khora Urban Thinkers\" \/>\n<meta property=\"og:url\" content=\"https:\/\/khoraurbanthinkers.es\/en\/what-do-we-do\/\" \/>\n<meta property=\"og:site_name\" content=\"Khora Urban Thinkers\" \/>\n<meta property=\"article:modified_time\" content=\"2025-01-23T13:02:13+00:00\" \/>\n<meta name=\"twitter:card\" content=\"summary_large_image\" \/>\n<meta name=\"twitter:site\" content=\"@khoraurban\" \/>\n<meta name=\"twitter:label1\" content=\"Est. reading time\" \/>\n\t<meta name=\"twitter:data1\" content=\"3 minutes\" \/>\n<script type=\"application\/ld+json\" class=\"yoast-schema-graph\">{\"@context\":\"https:\\\/\\\/schema.org\",\"@graph\":[{\"@type\":\"WebPage\",\"@id\":\"https:\\\/\\\/khoraurbanthinkers.es\\\/en\\\/what-do-we-do\\\/\",\"url\":\"https:\\\/\\\/khoraurbanthinkers.es\\\/en\\\/what-do-we-do\\\/\",\"name\":\"What We Do - Khora Urban Thinkers\",\"isPartOf\":{\"@id\":\"https:\\\/\\\/khoraurbanthinkers.es\\\/en\\\/#website\"},\"datePublished\":\"2024-10-17T09:47:35+00:00\",\"dateModified\":\"2025-01-23T13:02:13+00:00\",\"breadcrumb\":{\"@id\":\"https:\\\/\\\/khoraurbanthinkers.es\\\/en\\\/what-do-we-do\\\/#breadcrumb\"},\"inLanguage\":\"en-US\",\"potentialAction\":[{\"@type\":\"ReadAction\",\"target\":[\"https:\\\/\\\/khoraurbanthinkers.es\\\/en\\\/what-do-we-do\\\/\"]}]},{\"@type\":\"BreadcrumbList\",\"@id\":\"https:\\\/\\\/khoraurbanthinkers.es\\\/en\\\/what-do-we-do\\\/#breadcrumb\",\"itemListElement\":[{\"@type\":\"ListItem\",\"position\":1,\"name\":\"Portada\",\"item\":\"https:\\\/\\\/khoraurbanthinkers.es\\\/en\\\/\"},{\"@type\":\"ListItem\",\"position\":2,\"name\":\"What We Do\"}]},{\"@type\":\"WebSite\",\"@id\":\"https:\\\/\\\/khoraurbanthinkers.es\\\/en\\\/#website\",\"url\":\"https:\\\/\\\/khoraurbanthinkers.es\\\/en\\\/\",\"name\":\"Khora Urban Thinkers\",\"description\":\"Consultora especializada en innovaci\u00f3n urbana: diagn\u00f3stico, estrategia, innovaci\u00f3n y ejecuci\u00f3n de proyectos para ciudades sostenibles.\",\"publisher\":{\"@id\":\"https:\\\/\\\/khoraurbanthinkers.es\\\/en\\\/#organization\"},\"potentialAction\":[{\"@type\":\"SearchAction\",\"target\":{\"@type\":\"EntryPoint\",\"urlTemplate\":\"https:\\\/\\\/khoraurbanthinkers.es\\\/en\\\/?s={search_term_string}\"},\"query-input\":{\"@type\":\"PropertyValueSpecification\",\"valueRequired\":true,\"valueName\":\"search_term_string\"}}],\"inLanguage\":\"en-US\"},{\"@type\":\"Organization\",\"@id\":\"https:\\\/\\\/khoraurbanthinkers.es\\\/en\\\/#organization\",\"name\":\"Khora Urban Thinkers\",\"url\":\"https:\\\/\\\/khoraurbanthinkers.es\\\/en\\\/\",\"logo\":{\"@type\":\"ImageObject\",\"inLanguage\":\"en-US\",\"@id\":\"https:\\\/\\\/khoraurbanthinkers.es\\\/en\\\/#\\\/schema\\\/logo\\\/image\\\/\",\"url\":\"https:\\\/\\\/khoraurbanthinkers.es\\\/wp-content\\\/uploads\\\/2025\\\/03\\\/khora.svg\",\"contentUrl\":\"https:\\\/\\\/khoraurbanthinkers.es\\\/wp-content\\\/uploads\\\/2025\\\/03\\\/khora.svg\",\"width\":107,\"height\":28,\"caption\":\"Khora Urban Thinkers\"},\"image\":{\"@id\":\"https:\\\/\\\/khoraurbanthinkers.es\\\/en\\\/#\\\/schema\\\/logo\\\/image\\\/\"},\"sameAs\":[\"https:\\\/\\\/x.com\\\/khoraurban\",\"https:\\\/\\\/www.linkedin.com\\\/company\\\/khora-urban-thinkers\\\/\"]}]}<\/script>\n<!-- \/ Yoast SEO plugin. -->","yoast_head_json":{"title":"What We Do - Khora Urban Thinkers","robots":{"index":"index","follow":"follow","max-snippet":"max-snippet:-1","max-image-preview":"max-image-preview:large","max-video-preview":"max-video-preview:-1"},"canonical":"https:\/\/khoraurbanthinkers.es\/en\/what-do-we-do\/","og_locale":"en_US","og_type":"article","og_title":"What We Do - Khora Urban Thinkers","og_url":"https:\/\/khoraurbanthinkers.es\/en\/what-do-we-do\/","og_site_name":"Khora Urban Thinkers","article_modified_time":"2025-01-23T13:02:13+00:00","twitter_card":"summary_large_image","twitter_site":"@khoraurban","twitter_misc":{"Est. reading time":"3 minutes"},"schema":{"@context":"https:\/\/schema.org","@graph":[{"@type":"WebPage","@id":"https:\/\/khoraurbanthinkers.es\/en\/what-do-we-do\/","url":"https:\/\/khoraurbanthinkers.es\/en\/what-do-we-do\/","name":"What We Do - Khora Urban Thinkers","isPartOf":{"@id":"https:\/\/khoraurbanthinkers.es\/en\/#website"},"datePublished":"2024-10-17T09:47:35+00:00","dateModified":"2025-01-23T13:02:13+00:00","breadcrumb":{"@id":"https:\/\/khoraurbanthinkers.es\/en\/what-do-we-do\/#breadcrumb"},"inLanguage":"en-US","potentialAction":[{"@type":"ReadAction","target":["https:\/\/khoraurbanthinkers.es\/en\/what-do-we-do\/"]}]},{"@type":"BreadcrumbList","@id":"https:\/\/khoraurbanthinkers.es\/en\/what-do-we-do\/#breadcrumb","itemListElement":[{"@type":"ListItem","position":1,"name":"Portada","item":"https:\/\/khoraurbanthinkers.es\/en\/"},{"@type":"ListItem","position":2,"name":"What We Do"}]},{"@type":"WebSite","@id":"https:\/\/khoraurbanthinkers.es\/en\/#website","url":"https:\/\/khoraurbanthinkers.es\/en\/","name":"Khora Urban Thinkers","description":"Consultora especializada en innovaci\u00f3n urbana: diagn\u00f3stico, estrategia, innovaci\u00f3n y ejecuci\u00f3n de proyectos para ciudades sostenibles.","publisher":{"@id":"https:\/\/khoraurbanthinkers.es\/en\/#organization"},"potentialAction":[{"@type":"SearchAction","target":{"@type":"EntryPoint","urlTemplate":"https:\/\/khoraurbanthinkers.es\/en\/?s={search_term_string}"},"query-input":{"@type":"PropertyValueSpecification","valueRequired":true,"valueName":"search_term_string"}}],"inLanguage":"en-US"},{"@type":"Organization","@id":"https:\/\/khoraurbanthinkers.es\/en\/#organization","name":"Khora Urban Thinkers","url":"https:\/\/khoraurbanthinkers.es\/en\/","logo":{"@type":"ImageObject","inLanguage":"en-US","@id":"https:\/\/khoraurbanthinkers.es\/en\/#\/schema\/logo\/image\/","url":"https:\/\/khoraurbanthinkers.es\/wp-content\/uploads\/2025\/03\/khora.svg","contentUrl":"https:\/\/khoraurbanthinkers.es\/wp-content\/uploads\/2025\/03\/khora.svg","width":107,"height":28,"caption":"Khora Urban Thinkers"},"image":{"@id":"https:\/\/khoraurbanthinkers.es\/en\/#\/schema\/logo\/image\/"},"sameAs":["https:\/\/x.com\/khoraurban","https:\/\/www.linkedin.com\/company\/khora-urban-thinkers\/"]}]}},"_links":{"self":[{"href":"https:\/\/khoraurbanthinkers.es\/en\/wp-json\/wp\/v2\/pages\/3954","targetHints":{"allow":["GET"]}}],"collection":[{"href":"https:\/\/khoraurbanthinkers.es\/en\/wp-json\/wp\/v2\/pages"}],"about":[{"href":"https:\/\/khoraurbanthinkers.es\/en\/wp-json\/wp\/v2\/types\/page"}],"author":[{"embeddable":true,"href":"https:\/\/khoraurbanthinkers.es\/en\/wp-json\/wp\/v2\/users\/8"}],"replies":[{"embeddable":true,"href":"https:\/\/khoraurbanthinkers.es\/en\/wp-json\/wp\/v2\/comments?post=3954"}],"version-history":[{"count":9,"href":"https:\/\/khoraurbanthinkers.es\/en\/wp-json\/wp\/v2\/pages\/3954\/revisions"}],"predecessor-version":[{"id":4616,"href":"https:\/\/khoraurbanthinkers.es\/en\/wp-json\/wp\/v2\/pages\/3954\/revisions\/4616"}],"wp:attachment":[{"href":"https:\/\/khoraurbanthinkers.es\/en\/wp-json\/wp\/v2\/media?parent=3954"}],"curies":[{"name":"wp","href":"https:\/\/api.w.org\/{rel}","templated":true}]}}